{"id":88,"date":"2020-04-13T11:21:11","date_gmt":"2020-04-13T11:21:11","guid":{"rendered":"https:\/\/verto.rs\/korisnicka-podrska\/"},"modified":"2021-04-27T08:27:41","modified_gmt":"2021-04-27T08:27:41","slug":"korisnicka-podrska","status":"publish","type":"page","link":"https:\/\/verto.rs\/en\/korisnicka-podrska\/","title":{"rendered":"Korisnicka podrska"},"content":{"rendered":"<h1>Customer Support<\/h1>\n<p>Welcome to Verto customer support. We would be happy to help if you need additional information or have any questions about the Verto platform. We also prepared a series of video tutorials, which explain the functionalities within the platform, bringing you closer to its features and benefits of using it. If you still have any doubts, you can ask us a question by simply filling out the contact form at the bottom of the page and we will contact you as soon as possible.<\/p>\n","protected":false},"excerpt":{"rendered":"<p>Customer Support Welcome to Verto customer support. We would be happy to help if you need additional information or have any questions about the Verto platform. We also prepared a series of video tutorials, which explain the functionalities within the platform, bringing you closer to its features and benefits of using it. If you still [&hellip;]<\/p>\n","protected":false},"author":1,"featured_media":121,"parent":0,"menu_order":0,"comment_status":"closed","ping_status":"closed","template":"page-podrska.php","meta":{"_acf_changed":false,"footnotes":""},"class_list":["post-88","page","type-page","status-publish","has-post-thumbnail","hentry"],"acf":[],"yoast_head":"<!-- This site is optimized with the Yoast SEO plugin v25.5 - https:\/\/yoast.com\/wordpress\/plugins\/seo\/ -->\n<title>Verto | Korisni\u010dka podr\u0161ka<\/title>\n<meta name=\"description\" content=\"Rado \u0107emo vam pomo\u0107i u slu\u010daju da su vam potrebne dodatne informacije ili ukoliko imate bilo kakva pitanja u vezi Verto platforme.\" \/>\n<meta name=\"robots\" content=\"index, follow, max-snippet:-1, max-image-preview:large, max-video-preview:-1\" \/>\n<link rel=\"canonical\" href=\"https:\/\/verto.rs\/en\/korisnicka-podrska\/\" \/>\n<meta property=\"og:locale\" content=\"en_US\" \/>\n<meta property=\"og:type\" content=\"article\" \/>\n<meta property=\"og:title\" content=\"Verto | Korisni\u010dka podr\u0161ka\" \/>\n<meta property=\"og:description\" content=\"Dobrodo\u0161li na Verto stranicu za podr\u0161ku korisnicima.\" \/>\n<meta property=\"og:url\" content=\"https:\/\/verto.rs\/en\/korisnicka-podrska\/\" \/>\n<meta property=\"og:site_name\" content=\"verto.rs\" \/>\n<meta property=\"article:modified_time\" content=\"2021-04-27T08:27:41+00:00\" \/>\n<meta property=\"og:image\" content=\"https:\/\/verto.rs\/wp-content\/uploads\/2020\/04\/Verto-korisnicka-podrska-za-mreze.jpg\" \/>\n\t<meta property=\"og:image:width\" content=\"1200\" \/>\n\t<meta property=\"og:image:height\" content=\"630\" \/>\n\t<meta property=\"og:image:type\" content=\"image\/jpeg\" \/>\n<meta name=\"twitter:card\" content=\"summary_large_image\" \/>\n<script type=\"application\/ld+json\" class=\"yoast-schema-graph\">{\"@context\":\"https:\/\/schema.org\",\"@graph\":[{\"@type\":\"WebPage\",\"@id\":\"https:\/\/verto.rs\/en\/korisnicka-podrska\/\",\"url\":\"https:\/\/verto.rs\/en\/korisnicka-podrska\/\",\"name\":\"Verto | Korisni\u010dka podr\u0161ka\",\"isPartOf\":{\"@id\":\"https:\/\/verto.rs\/#website\"},\"primaryImageOfPage\":{\"@id\":\"https:\/\/verto.rs\/en\/korisnicka-podrska\/#primaryimage\"},\"image\":{\"@id\":\"https:\/\/verto.rs\/en\/korisnicka-podrska\/#primaryimage\"},\"thumbnailUrl\":\"https:\/\/verto.rs\/wp-content\/uploads\/2021\/04\/podrska-banner.jpg\",\"datePublished\":\"2020-04-13T11:21:11+00:00\",\"dateModified\":\"2021-04-27T08:27:41+00:00\",\"description\":\"Rado \u0107emo vam pomo\u0107i u slu\u010daju da su vam potrebne dodatne informacije ili ukoliko imate bilo kakva pitanja u vezi Verto platforme.\",\"breadcrumb\":{\"@id\":\"https:\/\/verto.rs\/en\/korisnicka-podrska\/#breadcrumb\"},\"inLanguage\":\"en-US\",\"potentialAction\":[{\"@type\":\"ReadAction\",\"target\":[\"https:\/\/verto.rs\/en\/korisnicka-podrska\/\"]}]},{\"@type\":\"ImageObject\",\"inLanguage\":\"en-US\",\"@id\":\"https:\/\/verto.rs\/en\/korisnicka-podrska\/#primaryimage\",\"url\":\"https:\/\/verto.rs\/wp-content\/uploads\/2021\/04\/podrska-banner.jpg\",\"contentUrl\":\"https:\/\/verto.rs\/wp-content\/uploads\/2021\/04\/podrska-banner.jpg\",\"width\":1920,\"height\":1080},{\"@type\":\"BreadcrumbList\",\"@id\":\"https:\/\/verto.rs\/en\/korisnicka-podrska\/#breadcrumb\",\"itemListElement\":[{\"@type\":\"ListItem\",\"position\":1,\"name\":\"Home\",\"item\":\"https:\/\/verto.rs\/en\/\"},{\"@type\":\"ListItem\",\"position\":2,\"name\":\"Korisnicka podrska\"}]},{\"@type\":\"WebSite\",\"@id\":\"https:\/\/verto.rs\/#website\",\"url\":\"https:\/\/verto.rs\/\",\"name\":\"verto.rs\",\"description\":\"Verto\",\"publisher\":{\"@id\":\"https:\/\/verto.rs\/#organization\"},\"potentialAction\":[{\"@type\":\"SearchAction\",\"target\":{\"@type\":\"EntryPoint\",\"urlTemplate\":\"https:\/\/verto.rs\/?s={search_term_string}\"},\"query-input\":{\"@type\":\"PropertyValueSpecification\",\"valueRequired\":true,\"valueName\":\"search_term_string\"}}],\"inLanguage\":\"en-US\"},{\"@type\":\"Organization\",\"@id\":\"https:\/\/verto.rs\/#organization\",\"name\":\"verto.rs\",\"url\":\"https:\/\/verto.rs\/\",\"logo\":{\"@type\":\"ImageObject\",\"inLanguage\":\"en-US\",\"@id\":\"https:\/\/verto.rs\/#\/schema\/logo\/image\/\",\"url\":\"https:\/\/verto.rs\/wp-content\/uploads\/2021\/04\/cropped-favicon.png\",\"contentUrl\":\"https:\/\/verto.rs\/wp-content\/uploads\/2021\/04\/cropped-favicon.png\",\"width\":122,\"height\":122,\"caption\":\"verto.rs\"},\"image\":{\"@id\":\"https:\/\/verto.rs\/#\/schema\/logo\/image\/\"}}]}<\/script>\n<!-- \/ Yoast SEO plugin. -->","yoast_head_json":{"title":"Verto | Korisni\u010dka podr\u0161ka","description":"Rado \u0107emo vam pomo\u0107i u slu\u010daju da su vam potrebne dodatne informacije ili ukoliko imate bilo kakva pitanja u vezi Verto platforme.","robots":{"index":"index","follow":"follow","max-snippet":"max-snippet:-1","max-image-preview":"max-image-preview:large","max-video-preview":"max-video-preview:-1"},"canonical":"https:\/\/verto.rs\/en\/korisnicka-podrska\/","og_locale":"en_US","og_type":"article","og_title":"Verto | Korisni\u010dka podr\u0161ka","og_description":"Dobrodo\u0161li na Verto stranicu za podr\u0161ku korisnicima.","og_url":"https:\/\/verto.rs\/en\/korisnicka-podrska\/","og_site_name":"verto.rs","article_modified_time":"2021-04-27T08:27:41+00:00","og_image":[{"width":1200,"height":630,"url":"https:\/\/verto.rs\/wp-content\/uploads\/2020\/04\/Verto-korisnicka-podrska-za-mreze.jpg","type":"image\/jpeg"}],"twitter_card":"summary_large_image","schema":{"@context":"https:\/\/schema.org","@graph":[{"@type":"WebPage","@id":"https:\/\/verto.rs\/en\/korisnicka-podrska\/","url":"https:\/\/verto.rs\/en\/korisnicka-podrska\/","name":"Verto | Korisni\u010dka podr\u0161ka","isPartOf":{"@id":"https:\/\/verto.rs\/#website"},"primaryImageOfPage":{"@id":"https:\/\/verto.rs\/en\/korisnicka-podrska\/#primaryimage"},"image":{"@id":"https:\/\/verto.rs\/en\/korisnicka-podrska\/#primaryimage"},"thumbnailUrl":"https:\/\/verto.rs\/wp-content\/uploads\/2021\/04\/podrska-banner.jpg","datePublished":"2020-04-13T11:21:11+00:00","dateModified":"2021-04-27T08:27:41+00:00","description":"Rado \u0107emo vam pomo\u0107i u slu\u010daju da su vam potrebne dodatne informacije ili ukoliko imate bilo kakva pitanja u vezi Verto platforme.","breadcrumb":{"@id":"https:\/\/verto.rs\/en\/korisnicka-podrska\/#breadcrumb"},"inLanguage":"en-US","potentialAction":[{"@type":"ReadAction","target":["https:\/\/verto.rs\/en\/korisnicka-podrska\/"]}]},{"@type":"ImageObject","inLanguage":"en-US","@id":"https:\/\/verto.rs\/en\/korisnicka-podrska\/#primaryimage","url":"https:\/\/verto.rs\/wp-content\/uploads\/2021\/04\/podrska-banner.jpg","contentUrl":"https:\/\/verto.rs\/wp-content\/uploads\/2021\/04\/podrska-banner.jpg","width":1920,"height":1080},{"@type":"BreadcrumbList","@id":"https:\/\/verto.rs\/en\/korisnicka-podrska\/#breadcrumb","itemListElement":[{"@type":"ListItem","position":1,"name":"Home","item":"https:\/\/verto.rs\/en\/"},{"@type":"ListItem","position":2,"name":"Korisnicka podrska"}]},{"@type":"WebSite","@id":"https:\/\/verto.rs\/#website","url":"https:\/\/verto.rs\/","name":"verto.rs","description":"Verto","publisher":{"@id":"https:\/\/verto.rs\/#organization"},"potentialAction":[{"@type":"SearchAction","target":{"@type":"EntryPoint","urlTemplate":"https:\/\/verto.rs\/?s={search_term_string}"},"query-input":{"@type":"PropertyValueSpecification","valueRequired":true,"valueName":"search_term_string"}}],"inLanguage":"en-US"},{"@type":"Organization","@id":"https:\/\/verto.rs\/#organization","name":"verto.rs","url":"https:\/\/verto.rs\/","logo":{"@type":"ImageObject","inLanguage":"en-US","@id":"https:\/\/verto.rs\/#\/schema\/logo\/image\/","url":"https:\/\/verto.rs\/wp-content\/uploads\/2021\/04\/cropped-favicon.png","contentUrl":"https:\/\/verto.rs\/wp-content\/uploads\/2021\/04\/cropped-favicon.png","width":122,"height":122,"caption":"verto.rs"},"image":{"@id":"https:\/\/verto.rs\/#\/schema\/logo\/image\/"}}]}},"_links":{"self":[{"href":"https:\/\/verto.rs\/en\/wp-json\/wp\/v2\/pages\/88","targetHints":{"allow":["GET"]}}],"collection":[{"href":"https:\/\/verto.rs\/en\/wp-json\/wp\/v2\/pages"}],"about":[{"href":"https:\/\/verto.rs\/en\/wp-json\/wp\/v2\/types\/page"}],"author":[{"embeddable":true,"href":"https:\/\/verto.rs\/en\/wp-json\/wp\/v2\/users\/1"}],"replies":[{"embeddable":true,"href":"https:\/\/verto.rs\/en\/wp-json\/wp\/v2\/comments?post=88"}],"version-history":[{"count":5,"href":"https:\/\/verto.rs\/en\/wp-json\/wp\/v2\/pages\/88\/revisions"}],"predecessor-version":[{"id":138,"href":"https:\/\/verto.rs\/en\/wp-json\/wp\/v2\/pages\/88\/revisions\/138"}],"wp:featuredmedia":[{"embeddable":true,"href":"https:\/\/verto.rs\/en\/wp-json\/wp\/v2\/media\/121"}],"wp:attachment":[{"href":"https:\/\/verto.rs\/en\/wp-json\/wp\/v2\/media?parent=88"}],"curies":[{"name":"wp","href":"https:\/\/api.w.org\/{rel}","templated":true}]}}